{"id":65635,"date":"2023-05-01T13:06:50","date_gmt":"2023-05-01T11:06:50","guid":{"rendered":"https:\/\/danielahadorn.com\/?post_type=product&#038;p=65635"},"modified":"2023-07-05T18:40:50","modified_gmt":"2023-07-05T16:40:50","slug":"medium-coaching","status":"publish","type":"product","link":"https:\/\/danielahadorn.com\/de\/product\/medium-coaching\/","title":{"rendered":"MEDIUM COACHING"},"content":{"rendered":"<h2 class=\"h3\">INTENSIVES EINS ZU EINS MEDIUM COACHING<\/h2>\n<p>Bist Du selber ein Medium, in Ausbildung oder hast Du die Ausbildung zum Medium abgeschlossen und m\u00f6chtest Deine Medialit\u00e4t verbessern?<\/p>\n<p>Das 1 zu 1 Coaching und Mentoring mit Daniela hilft Dir, Deine Medialit\u00e4t zu vertiefen und zu verbessern. Es eignet sich f\u00fcr eine einmalige Sitzung oder regelm\u00e4ssiges Medialit\u00e4ts-Coaching. Dieses Medium Coaching eignet sich f\u00fcr die mediale Beratung, die Jenseitskontakte oder das Auralesen. Oder willst Du Dich als Medium etablieren und weisst nicht genau wie vorgehen? Dieses Medium Coaching ist individuell auf Dich, Deine Bed\u00fcrfnisse und Deine Begabung abgestimmt.<\/p>\n<p>So kannst Du auf eine pers\u00f6nliche und intensive Weise Deine Medialit\u00e4t auf Fortschritte pr\u00fcfen und individuelle F\u00f6rderung erhalten.<\/p>\n<h2 class=\"h3\">WAS BRINGT DIR EIN MEDIUM COACHING?<\/h2>\n<p>Manchmal haben wir auf dem Weg zum Medium viele Fragen und Unsicherheiten. Oftmals wissen wir nach Kursen oder Ausbildungen nicht so genau wie weiter und zudem fehlt uns teilweise die individuelle F\u00f6rderung unserer Medialit\u00e4t. Zudem f\u00fchlen wir, dass wir unsere Medialit\u00e4t vertiefen und verbessern wollen. Wir w\u00fcnschen uns, dass unsere Medialit\u00e4t das volle Potenzial erreicht. Genau daf\u00fcr ist das Medium Coaching oder das Medium Mentoring mit Daniela da.<\/p>\n<p>Jedes Medium Coaching findet auf <strong>Zoom statt und dauert 50 Minuten<\/strong>. Das Coaching wird aufgezeichnet und Du erh\u00e4ltst danach das Video zur Speicherung. So kannst Du jederzeit darauf zur\u00fcckgreifen.<\/p>\n<h3>Hauptgr\u00fcnde f\u00fcr ein Medium Coaching:<\/h3>\n<ul>\n<li>Individuell auf Dich und Deine Bed\u00fcrfnisse zugeschnitten<\/li>\n<li>Beobachtete Sitzungen f\u00fcr spezifisches Feedback<\/li>\n<li>Keine Ablenkung durch eine Gruppe<\/li>\n<li>Pers\u00f6nliches Coaching und F\u00f6rderung<\/li>\n<li>Ehrliches Feedback<\/li>\n<li>Keine Coachingsitzung ist gleich, sondern auf Deine Bed\u00fcrfnisse zugeschnitten<\/li>\n<\/ul>\n<h3>Was kannst Du lernen:<\/h3>\n<ul>\n<li>Vertiefe die Beweisf\u00fchrung<\/li>\n<li>Verbessere Deine Hellsinne<\/li>\n<li>\u00dcberwinde Unsicherheiten<\/li>\n<li>Lerne, mit den Neins umzugehen<\/li>\n<li>Lerne \u00c4ngste und Unsicherheiten zu \u00fcberwinden<\/li>\n<li>Tricks und Tipps f\u00fcr Deine Schwierigkeiten<\/li>\n<li>Wie schaffst Du den Sprung auf das n\u00e4chste Level<\/li>\n<li>Erhalte Antworten auf Deine Fragen<\/li>\n<\/ul>\n<p>Ein Medium Coaching bringt Dir Klarheit \u00fcber Dich und Deine Medialit\u00e4t. Es zeigt Dir Deine Schwachstellen, die n\u00e4chsten Schritte und wie Du Schwierigkeiten \u00fcberwinden kannst.<\/p>\n<blockquote><p>In manchen Ausbildungen und Kursen h\u00e4tte ich mir individuelles Feedback und Coaching gew\u00fcnscht.<\/p><\/blockquote>\n<p>Ein Medium Coaching eignet sich nur f\u00fcr ein Medium in Ausbildung, f\u00fcr die, die den Sprung in die Professionalit\u00e4t wagen wollen oder solche, die schon als Medium arbeiten. Es ist nicht f\u00fcr Anf\u00e4nger gedacht. Falls Dich die Medialit\u00e4t interessiert, empfehle ich zuerst ein <a href=\"\/de\/medium-ausbildung\/\">paar Kurse<\/a>.<\/p>\n<p><strong>Das Medium Coaching kann in Einzelsitzungen, aber auch \u00fcber einen l\u00e4ngeren Zeitraum stattfinden. Nach dem ersten Medium Coaching und wenn Du Dich wohlf\u00fchlst, k\u00f6nnen wir das weitere Vorgehen besprechen. Wir stellen einen Zeitplan zusammen und ich kann Dir ein preislich attraktives Angebot machen.<\/strong><\/p>\n<p><img decoding=\"async\" class=\"aligncenter wp-image-65643 size-large\" src=\"https:\/\/danielahadorn.com\/wp-content\/uploads\/2023\/05\/mediumcoaching-1024x476.jpg\" alt=\"mediumcoaching\" width=\"1024\" height=\"476\" srcset=\"https:\/\/danielahadorn.com\/wp-content\/uploads\/2023\/05\/mediumcoaching-1024x476.jpg 1024w, https:\/\/danielahadorn.com\/wp-content\/uploads\/2023\/05\/mediumcoaching-300x139.jpg 300w, https:\/\/danielahadorn.com\/wp-content\/uploads\/2023\/05\/mediumcoaching-768x357.jpg 768w, https:\/\/danielahadorn.com\/wp-content\/uploads\/2023\/05\/mediumcoaching-1120x520.jpg 1120w, https:\/\/danielahadorn.com\/wp-content\/uploads\/2023\/05\/mediumcoaching-600x279.jpg 600w, https:\/\/danielahadorn.com\/wp-content\/uploads\/2023\/05\/mediumcoaching.jpg 1279w\" sizes=\"(max-width: 1024px) 100vw, 1024px\" \/><\/p><h2>MEDIUM COACHING UND MEDIUM TRAINING<\/h2>\n<p>Durch meine zus\u00e4tzliche jahrelange Ausbildung zum Coach sowie Mentaltrainer und als professionelles Medium weiss ich, wie ich Dir neben dem Medium Coaching in der Medialit\u00e4t auch L\u00f6sungsstrategien mit auf den Weg geben kann.<\/p>\n<p>Bei meiner eigenen Ausbildung zum Medium h\u00e4tte ich mir manchmal eine individuelle Betreuung und F\u00f6rderung gew\u00fcnscht. Ich hatte viele Fragen und wollte meine medialen F\u00e4higkeiten auch ausserhalb der Gruppe und medialen Ausbildung verbessern.<\/p>\n<p>Ebenfalls wusste ich nach meinen medialen Ausbildungen nicht genau wie weiter bzw. wie ich den Sprung in die Professionalit\u00e4t machen kann. Ich bin einfach ins kalte Wasser gesprungen, was die Medialit\u00e4t betraf. Zum Gl\u00fcck hatte ich schon einige Erfahrung in der Gr\u00fcndung eines Unternehmens.<\/p>\n<p>Erst sp\u00e4ter fand ich ein geeigneter Medium-Coach und Mentor, der mich bis heute begleitet. Denn wir haben nie ausgelernt und k\u00f6nnen unsere medialen F\u00e4higkeiten st\u00e4ndig erweitern und verbessern. Dadurch kann ich individuell gef\u00f6rdert werden und spare mich lange und teure Kurse. Kurse besuche ich eher noch zum Spass. Lernen tue ich im strategischen und pers\u00f6nlichen Medium Coaching intensiver.<\/p>\n<blockquote><p>Ich lerne im pers\u00f6nlichen Medium Coaching definitiv mehr als in einem Kurs mit vielen Leuten<\/p><\/blockquote>\n<h2 class=\"h3\">MEDIUM COACHING ONLINE<\/h2>\n<p>Das Medium Coaching findet online via <a href=\"https:\/\/zoom.us\/\">Zoom<\/a> statt. Deine Vorteile eines Medium Coachings online sind, dass Du weder reisen oder im Stau stehen musst, ein Video des Coachings erh\u00e4ltst und Du von \u00fcberall auf der Welt mich als Coach nutzen kannst.<\/p>\n<p>Du ben\u00f6tigst nur einen PC oder ein mobiles Ger\u00e4t mit Kamera und Mikrofon. Du siehst und h\u00f6rst mich w\u00e4hrend der ganzen Sitzung. Wichtig ist, dass Du die Kamera einschaltest, damit ich Dich sehen kann.<\/p>\n<h2 class=\"h3\">ERWARTUNGEN AN EIN MEDIUM COACHING<\/h2>\n<p>Am besten kommst Du ganz offen an ein Medium Coaching. Wenn Du m\u00f6chtest, kannst Du mir Deine W\u00fcnsche oder was zu lernen, bzw. verbessern m\u00f6chtest in die Bemerkungen bei Deiner Bestellung angeben. Das ist jedoch kein Muss und wir k\u00f6nnen das individuell an der Sitzung besprechen.<\/p>\n<p>Du musst mir w\u00e4hrend der Sitzung nichts beweisen oder vor mir Angst haben. Ich verurteile Dich nicht, sondern bin f\u00fcr Dich da, um Dich zu f\u00f6rdern und Dir zu helfen. Trotzdem werde ich Dir immer ehrliches Feedback geben und Dir nicht unn\u00f6tig Honig um den Mund schmieren. Es geht wirklich darum, dass Du in Deiner Medialit\u00e4t weiterkommst.<\/p>\n<p>Gerne kannst Du mich telefonisch oder via E-Mail <a href=\"\/de\/kontakt\/\">kontaktieren<\/a>, falls Du Fragen hast. Bitte beachte auch meine <a href=\"\/de\/daniela-hadorn-agb\/\">AGB<\/a>.<\/p>\n<p>Ich freue mich auf Dich!<\/p>\n<p>Mit viel Liebe,<br \/>\nDaniela<\/p>\n","protected":false},"excerpt":{"rendered":"<p>Bist Du selber ein Medium, in Ausbildung oder hast Du die Ausbildung zum Medium abgeschlossen und m\u00f6chtest Deine Medialit\u00e4t verbessern?<\/p>\n<p>Das 1 zu 1 Medium Coaching und Mentoring mit Daniela hilft Dir, Deine Medialit\u00e4t zu vertiefen und zu verbessern.<\/p>\n<ul>\n<li><strong>Individuell auf Dich und Deine Bed\u00fcrfnisse zugeschnitten<\/strong><\/li>\n<li><strong>Keine Ablenkung durch eine Gruppe<\/strong><\/li>\n<li><strong>Wage den Sprung auf das n\u00e4chste Level<\/strong><\/li>\n<\/ul>\n<p>Du kannst das Datum und die Zeit w\u00e4hlen. Das Medium Coaching von 50 min. findet online via Zoom statt. Ich freue mich auf Dich!<\/p>\n","protected":false},"featured_media":65645,"template":"","meta":{"pmpro_default_level":0},"product_cat":[94],"product_tag":[],"class_list":["post-65635","product","type-product","status-publish","has-post-thumbnail","hentry","product_cat-sitzungen-de","pmpro-has-access"],"acf":[],"yoast_head":"<!-- This site is optimized with the Yoast SEO plugin v18.1 - https:\/\/yoast.com\/wordpress\/plugins\/seo\/ -->\n<title>MEDIUM COACHING - 1zu1 Coaching Medialit\u00e4t \u2b50\u2b50\u2b50\u2b50<\/title>\n<meta name=\"description\" content=\"Bist Du selber ein Medium oder in Ausbildung? Das Medium Coaching hilft Dir, Deine Medialit\u00e4t zu vertiefen und zu verbessern.\" \/>\n<meta name=\"robots\" content=\"index, follow, max-snippet:-1, max-image-preview:large, max-video-preview:-1\" \/>\n<link rel=\"canonical\" href=\"https:\/\/danielahadorn.com\/de\/product\/medium-coaching\/\" \/>\n<meta name=\"twitter:card\" content=\"summary_large_image\" \/>\n<meta name=\"twitter:title\" content=\"MEDIUM COACHING - 1zu1 Coaching Medialit\u00e4t \u2b50\u2b50\u2b50\u2b50\" \/>\n<meta name=\"twitter:description\" content=\"Bist Du selber ein Medium oder in Ausbildung? Das Medium Coaching hilft Dir, Deine Medialit\u00e4t zu vertiefen und zu verbessern.\" \/>\n<meta name=\"twitter:image\" content=\"https:\/\/danielahadorn.com\/wp-content\/uploads\/2023\/05\/medium-coaching-1.jpg\" \/>\n<meta name=\"twitter:label1\" content=\"Gesch\u00e4tzte Lesezeit\" \/>\n\t<meta name=\"twitter:data1\" content=\"4\u00a0Minuten\" \/>\n<script type=\"application\/ld+json\" class=\"yoast-schema-graph\">{\"@context\":\"https:\/\/schema.org\",\"@graph\":[{\"@type\":[\"Person\",\"Organization\"],\"@id\":\"https:\/\/danielahadorn.com\/de\/#\/schema\/person\/24550df4140d753d0b2f54f438a7da7f\",\"name\":\"Daniela Hadorn\",\"image\":{\"@type\":\"ImageObject\",\"@id\":\"https:\/\/danielahadorn.com\/de\/#personlogo\",\"inLanguage\":\"de\",\"url\":\"https:\/\/danielahadorn.com\/wp-content\/uploads\/2017\/09\/me.jpg\",\"contentUrl\":\"https:\/\/danielahadorn.com\/wp-content\/uploads\/2017\/09\/me.jpg\",\"width\":315,\"height\":316,\"caption\":\"Daniela Hadorn\"},\"logo\":{\"@id\":\"https:\/\/danielahadorn.com\/de\/#personlogo\"},\"description\":\"Daniela is a spiritual teacher and medium. Daniela is not living up in the sky but with both feet on the ground. She is a no nonsense kind of person. Her biggest wish is for you to see her teachings and her mediumship as a catalyst for your own spiritual self development.\",\"sameAs\":[\"https:\/\/danielahadorn.com\/\",\"https:\/\/www.facebook.com\/mediumdanielahadorn\/\"]},{\"@type\":\"WebSite\",\"@id\":\"https:\/\/danielahadorn.com\/de\/#website\",\"url\":\"https:\/\/danielahadorn.com\/de\/\",\"name\":\"Daniela Hadorn\",\"description\":\"Spirituelles Medium, sensitives Medium, Meditation, Advaita Vedanta\",\"publisher\":{\"@id\":\"https:\/\/danielahadorn.com\/de\/#\/schema\/person\/24550df4140d753d0b2f54f438a7da7f\"},\"potentialAction\":[{\"@type\":\"SearchAction\",\"target\":{\"@type\":\"EntryPoint\",\"urlTemplate\":\"https:\/\/danielahadorn.com\/de\/?s={search_term_string}\"},\"query-input\":\"required name=search_term_string\"}],\"inLanguage\":\"de\"},{\"@type\":\"ImageObject\",\"@id\":\"https:\/\/danielahadorn.com\/de\/product\/medium-coaching\/#primaryimage\",\"inLanguage\":\"de\",\"url\":\"https:\/\/danielahadorn.com\/wp-content\/uploads\/2023\/05\/medium-coaching-1.jpg\",\"contentUrl\":\"https:\/\/danielahadorn.com\/wp-content\/uploads\/2023\/05\/medium-coaching-1.jpg\",\"width\":500,\"height\":500,\"caption\":\"medium coaching\"},{\"@type\":\"WebPage\",\"@id\":\"https:\/\/danielahadorn.com\/de\/product\/medium-coaching\/#webpage\",\"url\":\"https:\/\/danielahadorn.com\/de\/product\/medium-coaching\/\",\"name\":\"MEDIUM COACHING - 1zu1 Coaching Medialit\u00e4t \u2b50\u2b50\u2b50\u2b50\",\"isPartOf\":{\"@id\":\"https:\/\/danielahadorn.com\/de\/#website\"},\"primaryImageOfPage\":{\"@id\":\"https:\/\/danielahadorn.com\/de\/product\/medium-coaching\/#primaryimage\"},\"datePublished\":\"2023-05-01T11:06:50+00:00\",\"dateModified\":\"2023-07-05T16:40:50+00:00\",\"description\":\"Bist Du selber ein Medium oder in Ausbildung? Das Medium Coaching hilft Dir, Deine Medialit\u00e4t zu vertiefen und zu verbessern.\",\"breadcrumb\":{\"@id\":\"https:\/\/danielahadorn.com\/de\/product\/medium-coaching\/#breadcrumb\"},\"inLanguage\":\"de\",\"potentialAction\":[{\"@type\":\"ReadAction\",\"target\":[\"https:\/\/danielahadorn.com\/de\/product\/medium-coaching\/\"]}]},{\"@type\":\"BreadcrumbList\",\"@id\":\"https:\/\/danielahadorn.com\/de\/product\/medium-coaching\/#breadcrumb\",\"itemListElement\":[{\"@type\":\"ListItem\",\"position\":1,\"name\":\"Home\",\"item\":\"https:\/\/danielahadorn.com\/de\/\"},{\"@type\":\"ListItem\",\"position\":2,\"name\":\"Shop\",\"item\":\"https:\/\/danielahadorn.com\/de\/shop\/\"},{\"@type\":\"ListItem\",\"position\":3,\"name\":\"Sitzungen\",\"item\":\"https:\/\/danielahadorn.com\/de\/produkt-kategorie\/sitzungen-de\/\"},{\"@type\":\"ListItem\",\"position\":4,\"name\":\"MEDIUM COACHING\"}]}]}<\/script>\n<!-- \/ Yoast SEO plugin. -->","yoast_head_json":{"title":"MEDIUM COACHING - 1zu1 Coaching Medialit\u00e4t \u2b50\u2b50\u2b50\u2b50","description":"Bist Du selber ein Medium oder in Ausbildung? Das Medium Coaching hilft Dir, Deine Medialit\u00e4t zu vertiefen und zu verbessern.","robots":{"index":"index","follow":"follow","max-snippet":"max-snippet:-1","max-image-preview":"max-image-preview:large","max-video-preview":"max-video-preview:-1"},"canonical":"https:\/\/danielahadorn.com\/de\/product\/medium-coaching\/","twitter_card":"summary_large_image","twitter_title":"MEDIUM COACHING - 1zu1 Coaching Medialit\u00e4t \u2b50\u2b50\u2b50\u2b50","twitter_description":"Bist Du selber ein Medium oder in Ausbildung? Das Medium Coaching hilft Dir, Deine Medialit\u00e4t zu vertiefen und zu verbessern.","twitter_image":"https:\/\/danielahadorn.com\/wp-content\/uploads\/2023\/05\/medium-coaching-1.jpg","twitter_misc":{"Gesch\u00e4tzte Lesezeit":"4\u00a0Minuten"},"schema":{"@context":"https:\/\/schema.org","@graph":[{"@type":["Person","Organization"],"@id":"https:\/\/danielahadorn.com\/de\/#\/schema\/person\/24550df4140d753d0b2f54f438a7da7f","name":"Daniela Hadorn","image":{"@type":"ImageObject","@id":"https:\/\/danielahadorn.com\/de\/#personlogo","inLanguage":"de","url":"https:\/\/danielahadorn.com\/wp-content\/uploads\/2017\/09\/me.jpg","contentUrl":"https:\/\/danielahadorn.com\/wp-content\/uploads\/2017\/09\/me.jpg","width":315,"height":316,"caption":"Daniela Hadorn"},"logo":{"@id":"https:\/\/danielahadorn.com\/de\/#personlogo"},"description":"Daniela is a spiritual teacher and medium. Daniela is not living up in the sky but with both feet on the ground. She is a no nonsense kind of person. Her biggest wish is for you to see her teachings and her mediumship as a catalyst for your own spiritual self development.","sameAs":["https:\/\/danielahadorn.com\/","https:\/\/www.facebook.com\/mediumdanielahadorn\/"]},{"@type":"WebSite","@id":"https:\/\/danielahadorn.com\/de\/#website","url":"https:\/\/danielahadorn.com\/de\/","name":"Daniela Hadorn","description":"Spirituelles Medium, sensitives Medium, Meditation, Advaita Vedanta","publisher":{"@id":"https:\/\/danielahadorn.com\/de\/#\/schema\/person\/24550df4140d753d0b2f54f438a7da7f"},"potentialAction":[{"@type":"SearchAction","target":{"@type":"EntryPoint","urlTemplate":"https:\/\/danielahadorn.com\/de\/?s={search_term_string}"},"query-input":"required name=search_term_string"}],"inLanguage":"de"},{"@type":"ImageObject","@id":"https:\/\/danielahadorn.com\/de\/product\/medium-coaching\/#primaryimage","inLanguage":"de","url":"https:\/\/danielahadorn.com\/wp-content\/uploads\/2023\/05\/medium-coaching-1.jpg","contentUrl":"https:\/\/danielahadorn.com\/wp-content\/uploads\/2023\/05\/medium-coaching-1.jpg","width":500,"height":500,"caption":"medium coaching"},{"@type":"WebPage","@id":"https:\/\/danielahadorn.com\/de\/product\/medium-coaching\/#webpage","url":"https:\/\/danielahadorn.com\/de\/product\/medium-coaching\/","name":"MEDIUM COACHING - 1zu1 Coaching Medialit\u00e4t \u2b50\u2b50\u2b50\u2b50","isPartOf":{"@id":"https:\/\/danielahadorn.com\/de\/#website"},"primaryImageOfPage":{"@id":"https:\/\/danielahadorn.com\/de\/product\/medium-coaching\/#primaryimage"},"datePublished":"2023-05-01T11:06:50+00:00","dateModified":"2023-07-05T16:40:50+00:00","description":"Bist Du selber ein Medium oder in Ausbildung? Das Medium Coaching hilft Dir, Deine Medialit\u00e4t zu vertiefen und zu verbessern.","breadcrumb":{"@id":"https:\/\/danielahadorn.com\/de\/product\/medium-coaching\/#breadcrumb"},"inLanguage":"de","potentialAction":[{"@type":"ReadAction","target":["https:\/\/danielahadorn.com\/de\/product\/medium-coaching\/"]}]},{"@type":"BreadcrumbList","@id":"https:\/\/danielahadorn.com\/de\/product\/medium-coaching\/#breadcrumb","itemListElement":[{"@type":"ListItem","position":1,"name":"Home","item":"https:\/\/danielahadorn.com\/de\/"},{"@type":"ListItem","position":2,"name":"Shop","item":"https:\/\/danielahadorn.com\/de\/shop\/"},{"@type":"ListItem","position":3,"name":"Sitzungen","item":"https:\/\/danielahadorn.com\/de\/produkt-kategorie\/sitzungen-de\/"},{"@type":"ListItem","position":4,"name":"MEDIUM COACHING"}]}]}},"_links":{"self":[{"href":"https:\/\/danielahadorn.com\/de\/wp-json\/wp\/v2\/product\/65635","targetHints":{"allow":["GET"]}}],"collection":[{"href":"https:\/\/danielahadorn.com\/de\/wp-json\/wp\/v2\/product"}],"about":[{"href":"https:\/\/danielahadorn.com\/de\/wp-json\/wp\/v2\/types\/product"}],"wp:featuredmedia":[{"embeddable":true,"href":"https:\/\/danielahadorn.com\/de\/wp-json\/wp\/v2\/media\/65645"}],"wp:attachment":[{"href":"https:\/\/danielahadorn.com\/de\/wp-json\/wp\/v2\/media?parent=65635"}],"wp:term":[{"taxonomy":"product_cat","embeddable":true,"href":"https:\/\/danielahadorn.com\/de\/wp-json\/wp\/v2\/product_cat?post=65635"},{"taxonomy":"product_tag","embeddable":true,"href":"https:\/\/danielahadorn.com\/de\/wp-json\/wp\/v2\/product_tag?post=65635"}],"curies":[{"name":"wp","href":"https:\/\/api.w.org\/{rel}","templated":true}]}}