{"id":47275,"date":"2020-04-06T10:26:23","date_gmt":"2020-04-06T08:26:23","guid":{"rendered":"https:\/\/danielahadorn.com\/?post_type=product&#038;p=47275"},"modified":"2025-03-25T12:22:47","modified_gmt":"2025-03-25T11:22:47","slug":"onlinekurs-auralesen-aurafarben-bedeutung","status":"publish","type":"product","link":"https:\/\/danielahadorn.com\/de\/product\/onlinekurs-auralesen-aurafarben-bedeutung\/","title":{"rendered":"Onlinekurs: Aura lesen, Aurafarben &#038; Bedeutung"},"content":{"rendered":"<h2 class=\"h3\">AURA KURS<\/h2>\n<p>Dieser zweiteilige Onlinekurs ist f\u00fcr alle Menschen geeignet, die gerne <strong>das Lesen der menschlichen Aura und die Bedeutung der Aurafarben<\/strong> lernen m\u00f6chten. Dabei setzen wir unsere medialen F\u00e4higkeiten ein.<\/p>\n<p>Als Basis lernst Du die Bedeutung aller Aura Farben kennen. Du \u00fcbst das Lesen der <a href=\"\/de\/sensitivitaet\/aura-farben-bedeutung\/\">Aura<\/a> in der sensitiven Arbeit mit Menschen und auch in Jenseitskontakten. \u00dcber die Auragramme manifestieren wir die wahrgenommenen Farben auf Papier. Daf\u00fcr musst Du kein K\u00fcnstler sein.<\/p>\n<p>Unsere Aura ist der Ausdruck unserer Seele. Alles ist Energie, wir lernen diese Energien \u00fcber die Farben wahrzunehmen. Dabei setzen wir all unsere Hellsinne ein. Aurafarben kann man nicht nur objektiv mit den eigenen Augen sehen, sondern auch erf\u00fchlen, h\u00f6ren oder innerlich sehen.<\/p>\n<p>Der wichtigste Bestandteil dieses Kurses ist, ein Verst\u00e4ndnis f\u00fcr die Farben zu erhalten und Menschen in ihren Aurafarben wahrzunehmen.<\/p>\n<p>Dieser Kurs enth\u00e4lt jeweils <strong>Vortr\u00e4ge von mir, Pausen, \u00dcbungen, Meditation, sowie Fragen und Antworten<\/strong>.<\/p>\n<p><strong>ACHTUNG:<\/strong> Dieser Kurs findet ab 10 Personen statt. Wird die Teilnehmerzahl nicht erreicht, wird der Kurs verschoben.<\/p>\n<h2 class=\"h3\">ONLINE KURS &#8211; BEQUEM VON ZU HAUSE AUS LERNEN<\/h2>\n<p>Ich benutze moderne Webtechnologie, um den ganzen Kurs live online zu streamen. Du kannst mich nicht nur live sehen und h\u00f6ren, sondern auch interaktiv mit anderen TeilnehmerInnen \u00fcben und mir Deine Fragen stellen. Die \u00dcbungen erfolgen in privaten Online-R\u00e4umen, wo Du das Gelernte umsetzen kannst. Du siehst und h\u00f6rst Dein Gegen\u00fcber jederzeit.<\/p>\n<p>Es ist kein Problem, wenn Du an einzelnen Kursdaten nicht live dabei sein kannst. <strong>Jeder Teilkurs wird aufgenommen und steht Dir und allen anderen TeilnehmerInnen zur Verf\u00fcgung<\/strong>. So kannst Du die Videos auch mehrmals schauen, wenn Du m\u00f6chtest.<\/p>\n<p>Nach Deiner Anmeldung erh\u00e4ltst Du den Zugang zu meinem Online-Kursraum. Du kannst Dich dort zu den Kurszeiten einfach einklinken. Alles, was Du ben\u00f6tigst, ist ein PC, Tablet oder Handy mit Mikrofon und Kamera.<\/p>\n<p>Du kannst an diesem interaktiven Onlinekurs ganz bequem von zu Hause aus teilnehmen. <strong>Ich lade Dich ein, Deine Medialit\u00e4t und das Lesen der Aura zu entdecken<\/strong> &#8211; egal ob Du in der Schweiz, in Deutschland, in \u00d6sterreich oder sonst irgendwo auf der Welt bist.<\/p>\n<h3>SCHWERPUNKTE IN DIESEM ONLINEKURS<\/h3>\n<p>Hier siehst Du, was dieser Einf\u00fchrungskurs beinhaltet:<\/p>\n<div id=\"accordion-1\" class=\"accordion no-js\">\n\t\t\t\t\t<div role=\"button\" id=\"aurafarben\" class=\"accordion-title js-accordion-controller\" aria-controls=\"content-aurafarben\" aria-expanded=\"false\" tabindex=\"0\" data-initialstate=\"closed\">\n\t\t\t\t<strong>BEDEUTUNG DER AURA FARBEN<\/strong>\t\t\t<\/div>\n\t\t\n\t\t<div id=\"content-aurafarben\" class=\"accordion-content\" aria-hidden=\"true\">\n\t\t\tJede Farbe in der Aura hat ihre klare Bedeutung. Wir lernen jede Farbe einzeln kennen. Zudem haben Farbkombinationen unterschiedliche Bedeutungen, die wir verstehen wollen.\t\t<\/div>\n\n\t\t\n\t\t\t\t\t<div role=\"button\" id=\"hellsinne\" class=\"accordion-title js-accordion-controller\" aria-controls=\"content-hellsinne\" aria-expanded=\"false\" tabindex=\"0\" data-initialstate=\"closed\">\n\t\t\t\t<strong>DIE AURA MIT DEN HELLSINNEN WAHRNEHMEN<\/strong>\t\t\t<\/div>\n\t\t\n\t\t<div id=\"content-hellsinne\" class=\"accordion-content\" aria-hidden=\"true\">\n\t\t\tEs geht darum, die <a href=\"\/de\/sensitivitaet\/aura-farben-bedeutung\/\">Aura Farben<\/a> nicht nur zu sehen, sondern diese auch zu f\u00fchlen oder zu h\u00f6ren. Es ist \u00fcberhaupt nicht n\u00f6tig, die Farben objektiv mit den eigenen Augen direkt zu sehen.\t\t<\/div>\n\n\t\t\n\t\t\t\t\t<div role=\"button\" id=\"fernwahrnemung\" class=\"accordion-title js-accordion-controller\" aria-controls=\"content-fernwahrnemung\" aria-expanded=\"false\" tabindex=\"0\" data-initialstate=\"closed\">\n\t\t\t\t<strong>AURAGRAMME MALEN<\/strong>\t\t\t<\/div>\n\t\t\n\t\t<div id=\"content-fernwahrnemung\" class=\"accordion-content\" aria-hidden=\"true\">\n\t\t\tMit dem Malen von Auragrammen, dr\u00fccken wir die Essenz der Seele in Farben kreativ aus. Daf\u00fcr muss man kein K\u00fcnstler sein. Denn jede\/r kann sich in Farben ausdr\u00fccken, wenn er\/sie es einfach fliessen l\u00e4sst. Auch hier setzen wir unsere medialen F\u00e4higkeiten und unsere Hellsinne ein.\t\t<\/div>\n\n\t\t\n\t\t\t\t\t<div role=\"button\" id=\"sensitiv\" class=\"accordion-title js-accordion-controller\" aria-controls=\"content-sensitiv\" aria-expanded=\"false\" tabindex=\"0\" data-initialstate=\"closed\">\n\t\t\t\t<strong>AURA LESEN IN DER SENSITIVEN ARBEIT<\/strong>\t\t\t<\/div>\n\t\t\n\t\t<div id=\"content-sensitiv\" class=\"accordion-content\" aria-hidden=\"true\">\n\t\t\tWir lernen die Aura bei Menschen wahrzunehmen. Dabei erfahren wir die Essenz der Seele und deren Seelenpotenzial. Die Aura gibt uns Auskunft \u00fcber die Vergangenheit, Gegenwart, und auch \u00fcber zuk\u00fcnftige M\u00f6glichkeiten eines Menschen.\t\t<\/div>\n\n\t\t\n\t\t\t\t\t<div role=\"button\" id=\"fernwahrnehmung\" class=\"accordion-title js-accordion-controller\" aria-controls=\"content-fernwahrnehmung\" aria-expanded=\"false\" tabindex=\"0\" data-initialstate=\"closed\">\n\t\t\t\t<strong>FARBEN IN JENSEITSKONTAKTEN<\/strong>\t\t\t<\/div>\n\t\t\n\t\t<div id=\"content-fernwahrnehmung\" class=\"accordion-content\" aria-hidden=\"true\">\n\t\t\tDie Aura bleibt bestehen, wenn wir sterben. Deshalb k\u00f6nnen wir die Farben von Verstorbenen ebenso gut wahrnehmen, wie diejenigen von lebenden Menschen. Verstorbene nehmen ebenfalls unsere Aura wahr. Wir lernen, Jenseitskontakte nur \u00fcber die Farben zu geben. Dabei setzen wir unsere Hellsinne ein und \u00fcben speziell, \u00fcber das Hellf\u00fchlen die Seelen zu lesen.\t\t<\/div>\n\n\t\t<\/div>\n<h3>WAS IST DAS ZIEL DES KURSES<\/h3>\n<p>Nach diesem Onlinekurs kennst Du die Bedeutung aller <a href=\"\/de\/sensitivitaet\/aura-farben-bedeutung\/\">Aurafarben<\/a> und kannst die Aura von Menschen im Diesseits und Jenseits lesen.<\/p>\n<h3>F\u00dcR WEN EIGNET SICH DER ONLINEKURS<\/h3>\n<p>Du bist f\u00fcr den Aurakurs geeignet, wenn Du folgendes lernen m\u00f6chtest:<\/p>\n<ul>\n<li>die Aura und deren Farben besser verstehen<\/li>\n<li>diese Kenntnis in der Medialit\u00e4t und in Deinem Alltag einsetzen<\/li>\n<li>erste Schritte mit Auragrammen machen<\/li>\n<li>die Aura lesen in der sensitiven Beratung<\/li>\n<li>die Aura lesen in Jenseitskontakten<\/li>\n<\/ul>\n<h3>VORAUSSETZUNG<\/h3>\n<p>Egal ob Du Anf\u00e4ngerIn bist, oder ob Du schon mediale Ausbildungen absolviert hast, bist Du bei mir herzlich willkommen. Du ben\u00f6tigst nur<\/p>\n<ul>\n<li>PC, Tablet oder Handy mit Mikrofon und Kamera. Du erh\u00e4ltst alle Instruktionen via E-Mail.<\/li>\n<li>Offenheit f\u00fcr Medialit\u00e4t und Spiritualit\u00e4t.<\/li>\n<\/ul>\n<p>Generell sind die \u00dcbungen, u.a. gef\u00fchrte Meditationen, nicht Pflicht. Wer nicht \u00fcben will, kann sich vorher ausklinken und den Kurs nur als Vortrag erhalten.<\/p>\n<h3>DATEN UND ZEITEN<\/h3>\n<p><strong>Daten:<\/strong>\u00a0 Freitagabend, 4. April und Samstag, 5. April 2025<\/p>\n<p><strong>Zeiten:<\/strong> von 17:30 &#8211; 19:00 Uhr und 10:00 &#8211; 16:00 Uhr<\/p>\n<h3>ONLINE TOOL<\/h3>\n<p>nach Deiner Anmeldung erh\u00e4ltst Du via E-Mail einen Link mit den technischen Details zur Anmeldung und einen Link zu meinem online Kursraum. Zur Kurszeit kannst Du Dich einfach dort einklinken. Bitte ber\u00fccksichtige Deinen Spam-Ordner nach Deiner Bestellung.<\/p>\n<h2 class=\"h3\">AURAKURS ONLINE IN DEUTSCH<\/h2>\n<p>Deutsche Kurse f\u00fcr angehende <a href=\"\/de\/\">Medien<\/a> in Deutschland, \u00d6sterreich, Schweiz, Holland, Luxemburg, und Europa. Ich m\u00f6chte mit diesem Angebot einen Beitrag leisten, <a href=\"\/de\/medium-ausbildung\/\">mediale Ausbildung<\/a> ganz einfach allen zug\u00e4nglich zu machen.<\/p>\n<p>Ich freue mich riesig auf Dich, auf tolle Begegnungen und sch\u00f6ne Erfahrungen mit wertvollem Austausch!<\/p>\n","protected":false},"excerpt":{"rendered":"<p>Dieser zweiteilige Onlinekurs gibt Dir die M\u00f6glichkeit&#8230;<\/p>\n<ul>\n<li>die Aura und deren Farben besser zu verstehen<\/li>\n<li>diese Kenntnis in der Medialit\u00e4t und in Deinem Alltag einzusetzen<\/li>\n<li>erste Schritte mit Auragrammen zu machen<\/li>\n<li>die Aura zu lesen in der sensitiven Beratung<\/li>\n<li>die Aura zu lesen in Jenseitskontakten<\/li>\n<\/ul>\n<p>Dieser Kurs enth\u00e4lt jeweils <strong>Vortr\u00e4ge von mir, Pausen, \u00dcbungen, Meditation, sowie Fragen und Antworten<\/strong>.<\/p>\n","protected":false},"featured_media":47277,"template":"","meta":{"pmpro_default_level":0},"product_cat":[114],"product_tag":[],"class_list":["post-47275","product","type-product","status-publish","has-post-thumbnail","hentry","product_cat-events-de","pmpro-has-access"],"acf":[],"yoast_head":"<!-- This site is optimized with the Yoast SEO plugin v18.1 - https:\/\/yoast.com\/wordpress\/plugins\/seo\/ -->\n<title>Onlinekurs: Aura lesen, Aurafarben &amp; Bedeutung \u2b50\u2b50\u2b50\u2b50\u2b50<\/title>\n<meta name=\"description\" content=\"Dieser vierw\u00f6chige Onlinekurs ist f\u00fcr alle Menschen geeignet, die gerne das Lesen der Aura und die Bedeutung der Aurafarben lernen m\u00f6chten.\" \/>\n<meta name=\"robots\" content=\"index, follow, max-snippet:-1, max-image-preview:large, max-video-preview:-1\" \/>\n<link rel=\"canonical\" href=\"https:\/\/danielahadorn.com\/de\/product\/onlinekurs-auralesen-aurafarben-bedeutung\/\" \/>\n<meta name=\"twitter:card\" content=\"summary_large_image\" \/>\n<meta name=\"twitter:title\" content=\"Onlinekurs: Aura lesen, Aurafarben &amp; Bedeutung \u2b50\u2b50\u2b50\u2b50\u2b50\" \/>\n<meta name=\"twitter:description\" content=\"Dieser vierw\u00f6chige Onlinekurs ist f\u00fcr alle Menschen geeignet, die gerne das Lesen der Aura und die Bedeutung der Aurafarben lernen m\u00f6chten.\" \/>\n<meta name=\"twitter:image\" content=\"https:\/\/danielahadorn.com\/wp-content\/uploads\/2020\/03\/aurafarben-onlinekurs.jpg\" \/>\n<meta name=\"twitter:label1\" content=\"Gesch\u00e4tzte Lesezeit\" \/>\n\t<meta name=\"twitter:data1\" content=\"4\u00a0Minuten\" \/>\n<script type=\"application\/ld+json\" class=\"yoast-schema-graph\">{\"@context\":\"https:\/\/schema.org\",\"@graph\":[{\"@type\":[\"Person\",\"Organization\"],\"@id\":\"https:\/\/danielahadorn.com\/de\/#\/schema\/person\/24550df4140d753d0b2f54f438a7da7f\",\"name\":\"Daniela Hadorn\",\"image\":{\"@type\":\"ImageObject\",\"@id\":\"https:\/\/danielahadorn.com\/de\/#personlogo\",\"inLanguage\":\"de\",\"url\":\"https:\/\/danielahadorn.com\/wp-content\/uploads\/2017\/09\/me.jpg\",\"contentUrl\":\"https:\/\/danielahadorn.com\/wp-content\/uploads\/2017\/09\/me.jpg\",\"width\":315,\"height\":316,\"caption\":\"Daniela Hadorn\"},\"logo\":{\"@id\":\"https:\/\/danielahadorn.com\/de\/#personlogo\"},\"description\":\"Daniela is a spiritual teacher and medium. Daniela is not living up in the sky but with both feet on the ground. She is a no nonsense kind of person. Her biggest wish is for you to see her teachings and her mediumship as a catalyst for your own spiritual self development.\",\"sameAs\":[\"https:\/\/danielahadorn.com\/\",\"https:\/\/www.facebook.com\/mediumdanielahadorn\/\"]},{\"@type\":\"WebSite\",\"@id\":\"https:\/\/danielahadorn.com\/de\/#website\",\"url\":\"https:\/\/danielahadorn.com\/de\/\",\"name\":\"Daniela Hadorn\",\"description\":\"Spirituelles Medium, sensitives Medium, Meditation, Advaita Vedanta\",\"publisher\":{\"@id\":\"https:\/\/danielahadorn.com\/de\/#\/schema\/person\/24550df4140d753d0b2f54f438a7da7f\"},\"potentialAction\":[{\"@type\":\"SearchAction\",\"target\":{\"@type\":\"EntryPoint\",\"urlTemplate\":\"https:\/\/danielahadorn.com\/de\/?s={search_term_string}\"},\"query-input\":\"required name=search_term_string\"}],\"inLanguage\":\"de\"},{\"@type\":\"ImageObject\",\"@id\":\"https:\/\/danielahadorn.com\/de\/product\/onlinekurs-auralesen-aurafarben-bedeutung\/#primaryimage\",\"inLanguage\":\"de\",\"url\":\"https:\/\/danielahadorn.com\/wp-content\/uploads\/2020\/03\/aurafarben-onlinekurs.jpg\",\"contentUrl\":\"https:\/\/danielahadorn.com\/wp-content\/uploads\/2020\/03\/aurafarben-onlinekurs.jpg\",\"width\":500,\"height\":500,\"caption\":\"onlinekurs aurafarben\"},{\"@type\":\"WebPage\",\"@id\":\"https:\/\/danielahadorn.com\/de\/product\/onlinekurs-auralesen-aurafarben-bedeutung\/#webpage\",\"url\":\"https:\/\/danielahadorn.com\/de\/product\/onlinekurs-auralesen-aurafarben-bedeutung\/\",\"name\":\"Onlinekurs: Aura lesen, Aurafarben & Bedeutung \u2b50\u2b50\u2b50\u2b50\u2b50\",\"isPartOf\":{\"@id\":\"https:\/\/danielahadorn.com\/de\/#website\"},\"primaryImageOfPage\":{\"@id\":\"https:\/\/danielahadorn.com\/de\/product\/onlinekurs-auralesen-aurafarben-bedeutung\/#primaryimage\"},\"datePublished\":\"2020-04-06T08:26:23+00:00\",\"dateModified\":\"2025-03-25T11:22:47+00:00\",\"description\":\"Dieser vierw\u00f6chige Onlinekurs ist f\u00fcr alle Menschen geeignet, die gerne das Lesen der Aura und die Bedeutung der Aurafarben lernen m\u00f6chten.\",\"breadcrumb\":{\"@id\":\"https:\/\/danielahadorn.com\/de\/product\/onlinekurs-auralesen-aurafarben-bedeutung\/#breadcrumb\"},\"inLanguage\":\"de\",\"potentialAction\":[{\"@type\":\"ReadAction\",\"target\":[\"https:\/\/danielahadorn.com\/de\/product\/onlinekurs-auralesen-aurafarben-bedeutung\/\"]}]},{\"@type\":\"BreadcrumbList\",\"@id\":\"https:\/\/danielahadorn.com\/de\/product\/onlinekurs-auralesen-aurafarben-bedeutung\/#breadcrumb\",\"itemListElement\":[{\"@type\":\"ListItem\",\"position\":1,\"name\":\"Home\",\"item\":\"https:\/\/danielahadorn.com\/de\/\"},{\"@type\":\"ListItem\",\"position\":2,\"name\":\"Shop\",\"item\":\"https:\/\/danielahadorn.com\/de\/shop\/\"},{\"@type\":\"ListItem\",\"position\":3,\"name\":\"Events &amp; Ausbildung\",\"item\":\"https:\/\/danielahadorn.com\/de\/produkt-kategorie\/events-de\/\"},{\"@type\":\"ListItem\",\"position\":4,\"name\":\"Onlinekurs: Aura lesen, Aurafarben &#038; Bedeutung\"}]}]}<\/script>\n<!-- \/ Yoast SEO plugin. -->","yoast_head_json":{"title":"Onlinekurs: Aura lesen, Aurafarben & Bedeutung \u2b50\u2b50\u2b50\u2b50\u2b50","description":"Dieser vierw\u00f6chige Onlinekurs ist f\u00fcr alle Menschen geeignet, die gerne das Lesen der Aura und die Bedeutung der Aurafarben lernen m\u00f6chten.","robots":{"index":"index","follow":"follow","max-snippet":"max-snippet:-1","max-image-preview":"max-image-preview:large","max-video-preview":"max-video-preview:-1"},"canonical":"https:\/\/danielahadorn.com\/de\/product\/onlinekurs-auralesen-aurafarben-bedeutung\/","twitter_card":"summary_large_image","twitter_title":"Onlinekurs: Aura lesen, Aurafarben & Bedeutung \u2b50\u2b50\u2b50\u2b50\u2b50","twitter_description":"Dieser vierw\u00f6chige Onlinekurs ist f\u00fcr alle Menschen geeignet, die gerne das Lesen der Aura und die Bedeutung der Aurafarben lernen m\u00f6chten.","twitter_image":"https:\/\/danielahadorn.com\/wp-content\/uploads\/2020\/03\/aurafarben-onlinekurs.jpg","twitter_misc":{"Gesch\u00e4tzte Lesezeit":"4\u00a0Minuten"},"schema":{"@context":"https:\/\/schema.org","@graph":[{"@type":["Person","Organization"],"@id":"https:\/\/danielahadorn.com\/de\/#\/schema\/person\/24550df4140d753d0b2f54f438a7da7f","name":"Daniela Hadorn","image":{"@type":"ImageObject","@id":"https:\/\/danielahadorn.com\/de\/#personlogo","inLanguage":"de","url":"https:\/\/danielahadorn.com\/wp-content\/uploads\/2017\/09\/me.jpg","contentUrl":"https:\/\/danielahadorn.com\/wp-content\/uploads\/2017\/09\/me.jpg","width":315,"height":316,"caption":"Daniela Hadorn"},"logo":{"@id":"https:\/\/danielahadorn.com\/de\/#personlogo"},"description":"Daniela is a spiritual teacher and medium. Daniela is not living up in the sky but with both feet on the ground. She is a no nonsense kind of person. Her biggest wish is for you to see her teachings and her mediumship as a catalyst for your own spiritual self development.","sameAs":["https:\/\/danielahadorn.com\/","https:\/\/www.facebook.com\/mediumdanielahadorn\/"]},{"@type":"WebSite","@id":"https:\/\/danielahadorn.com\/de\/#website","url":"https:\/\/danielahadorn.com\/de\/","name":"Daniela Hadorn","description":"Spirituelles Medium, sensitives Medium, Meditation, Advaita Vedanta","publisher":{"@id":"https:\/\/danielahadorn.com\/de\/#\/schema\/person\/24550df4140d753d0b2f54f438a7da7f"},"potentialAction":[{"@type":"SearchAction","target":{"@type":"EntryPoint","urlTemplate":"https:\/\/danielahadorn.com\/de\/?s={search_term_string}"},"query-input":"required name=search_term_string"}],"inLanguage":"de"},{"@type":"ImageObject","@id":"https:\/\/danielahadorn.com\/de\/product\/onlinekurs-auralesen-aurafarben-bedeutung\/#primaryimage","inLanguage":"de","url":"https:\/\/danielahadorn.com\/wp-content\/uploads\/2020\/03\/aurafarben-onlinekurs.jpg","contentUrl":"https:\/\/danielahadorn.com\/wp-content\/uploads\/2020\/03\/aurafarben-onlinekurs.jpg","width":500,"height":500,"caption":"onlinekurs aurafarben"},{"@type":"WebPage","@id":"https:\/\/danielahadorn.com\/de\/product\/onlinekurs-auralesen-aurafarben-bedeutung\/#webpage","url":"https:\/\/danielahadorn.com\/de\/product\/onlinekurs-auralesen-aurafarben-bedeutung\/","name":"Onlinekurs: Aura lesen, Aurafarben & Bedeutung \u2b50\u2b50\u2b50\u2b50\u2b50","isPartOf":{"@id":"https:\/\/danielahadorn.com\/de\/#website"},"primaryImageOfPage":{"@id":"https:\/\/danielahadorn.com\/de\/product\/onlinekurs-auralesen-aurafarben-bedeutung\/#primaryimage"},"datePublished":"2020-04-06T08:26:23+00:00","dateModified":"2025-03-25T11:22:47+00:00","description":"Dieser vierw\u00f6chige Onlinekurs ist f\u00fcr alle Menschen geeignet, die gerne das Lesen der Aura und die Bedeutung der Aurafarben lernen m\u00f6chten.","breadcrumb":{"@id":"https:\/\/danielahadorn.com\/de\/product\/onlinekurs-auralesen-aurafarben-bedeutung\/#breadcrumb"},"inLanguage":"de","potentialAction":[{"@type":"ReadAction","target":["https:\/\/danielahadorn.com\/de\/product\/onlinekurs-auralesen-aurafarben-bedeutung\/"]}]},{"@type":"BreadcrumbList","@id":"https:\/\/danielahadorn.com\/de\/product\/onlinekurs-auralesen-aurafarben-bedeutung\/#breadcrumb","itemListElement":[{"@type":"ListItem","position":1,"name":"Home","item":"https:\/\/danielahadorn.com\/de\/"},{"@type":"ListItem","position":2,"name":"Shop","item":"https:\/\/danielahadorn.com\/de\/shop\/"},{"@type":"ListItem","position":3,"name":"Events &amp; Ausbildung","item":"https:\/\/danielahadorn.com\/de\/produkt-kategorie\/events-de\/"},{"@type":"ListItem","position":4,"name":"Onlinekurs: Aura lesen, Aurafarben &#038; Bedeutung"}]}]}},"_links":{"self":[{"href":"https:\/\/danielahadorn.com\/de\/wp-json\/wp\/v2\/product\/47275","targetHints":{"allow":["GET"]}}],"collection":[{"href":"https:\/\/danielahadorn.com\/de\/wp-json\/wp\/v2\/product"}],"about":[{"href":"https:\/\/danielahadorn.com\/de\/wp-json\/wp\/v2\/types\/product"}],"wp:featuredmedia":[{"embeddable":true,"href":"https:\/\/danielahadorn.com\/de\/wp-json\/wp\/v2\/media\/47277"}],"wp:attachment":[{"href":"https:\/\/danielahadorn.com\/de\/wp-json\/wp\/v2\/media?parent=47275"}],"wp:term":[{"taxonomy":"product_cat","embeddable":true,"href":"https:\/\/danielahadorn.com\/de\/wp-json\/wp\/v2\/product_cat?post=47275"},{"taxonomy":"product_tag","embeddable":true,"href":"https:\/\/danielahadorn.com\/de\/wp-json\/wp\/v2\/product_tag?post=47275"}],"curies":[{"name":"wp","href":"https:\/\/api.w.org\/{rel}","templated":true}]}}