{"id":46125,"date":"2020-01-12T16:11:49","date_gmt":"2020-01-12T15:11:49","guid":{"rendered":"https:\/\/danielahadorn.com\/?page_id=46125"},"modified":"2025-02-07T14:57:39","modified_gmt":"2025-02-07T13:57:39","slug":"jahresausbildung","status":"publish","type":"page","link":"https:\/\/danielahadorn.com\/de\/jahresausbildung\/","title":{"rendered":"Jahresausbildung zum kompletten Medium"},"content":{"rendered":"<p>Die Jahresausbildung zum kompletten Medium richtet sich an Menschen, die sich intensiv und seri\u00f6s medial aus- und weiterbilden m\u00f6chten. Diese <a href=\"\/de\/medium-ausbildung\/\">mediale Ausbildung<\/a> ist anspruchsvoll und erfordert Disziplin, Talent und Eigenstudium. Es gibt regelm\u00e4ssige Hausaufgaben, und ich gebe Dir laufend Feedback zu Deiner Arbeit.<\/p>\n<blockquote><p>Medium zu sein ist eine Berufung, die Hingabe ben\u00f6tigt. Als Medium stehst Du im Dienst aller Seelen im Jenseits und im Diesseits.<\/p><\/blockquote>\n<p>Ich halte die Ausbildungsgruppen bewusst klein. So kann ich individuell auf jede Person eingehen. Bei mir bist Du nicht irgendeine Nummer in einem Programmablauf. Ich unterst\u00fctze und begleite Dich pers\u00f6nlich auf Deinem Weg zum Medium. Dabei nehme ich Deine Anliegen ernst und spreche Klartext mit ehrlichem, individuellem Feedback. \u00dcbungen sind ein zentraler Bestandteil der Ausbildung, genauso wie das Erlernen der detaillierten Beweisf\u00fchrung.<\/p>\n<p>Nach dieser Ausbildung hast Du ein solides Fundament, auf dem Du aufbauen kannst. Du erkennst, ob Du ein professionelles Medium werden, oder die mediale Arbeit in eine andere T\u00e4tigkeit einbauen m\u00f6chtest.<\/p>\n<p><strong>Diese Ausbildung ist nichts f\u00fcr das schwache Herz, ich streiche niemandem Honig um den Mund. Denn ich will, dass Du weiterkommst als Mensch und als Medium. Ich werde Dich immer liebevoll und herzlich herausfordern, Deine Grenzen zu sprengen. Du darfst selbstbewusst strahlen, das ist das Ziel.<\/strong><\/p>\n<p><img decoding=\"async\" class=\"aligncenter size-large wp-image-46145\" src=\"https:\/\/danielahadorn.com\/wp-content\/uploads\/2020\/01\/komplette-medium-1024x356.jpg\" alt=\"medium\" width=\"1024\" height=\"356\" srcset=\"https:\/\/danielahadorn.com\/wp-content\/uploads\/2020\/01\/komplette-medium-1024x356.jpg 1024w, https:\/\/danielahadorn.com\/wp-content\/uploads\/2020\/01\/komplette-medium-300x104.jpg 300w, https:\/\/danielahadorn.com\/wp-content\/uploads\/2020\/01\/komplette-medium-768x267.jpg 768w, https:\/\/danielahadorn.com\/wp-content\/uploads\/2020\/01\/komplette-medium-1497x520.jpg 1497w, https:\/\/danielahadorn.com\/wp-content\/uploads\/2020\/01\/komplette-medium-600x208.jpg 600w, https:\/\/danielahadorn.com\/wp-content\/uploads\/2020\/01\/komplette-medium.jpg 1500w\" sizes=\"(max-width: 1024px) 100vw, 1024px\" \/><\/p>\n<h2 class=\"h3\">AUSBILDUNGSINHALTE<\/h2>\n<p>Du lernst das <strong>komplette Spektrum der wahrnehmenden <a href=\"\/de\/medialitaet\/was-ist-medialitaet\/\">mentalen Medialit\u00e4t<\/a><\/strong> kennen und anwenden:<\/p>\n<ul>\n<li>Mediale Beratung, sensitive Arbeit und Coaching<\/li>\n<li>Auralesen und -farben, Auragramme<\/li>\n<li>Hellsinne<\/li>\n<li>Psychometrie und Remote Viewing<\/li>\n<li>die geistige Welt und Geistf\u00fchrer<\/li>\n<li>Private Jenseitskontakte<\/li>\n<li>\u00d6ffentliche Jenseitskontakte, Jenseitskontakte Demonstrationen<\/li>\n<li>\u00d6ffentliches inspiriertes Sprechen<\/li>\n<li>Meditation, pers\u00f6nliche und spirituelle Entwicklung, Seelenarbeit<\/li>\n<li>Ethik, Regeln und Philosophie im Spiritualismus<\/li>\n<li>und nat\u00fcrlich \u00dcbung, \u00dcbung, \u00dcbung<\/li>\n<\/ul>\n<p>Nicht Bestandteil der Ausbildung sind Bereiche der physikalischen Medialit\u00e4t (Trance) aber auch das geistige Heilen und die Wahrsagerei.<\/p>\n<h2 class=\"h3\">F\u00dcR WEN IST DIESE AUSBILDUNG GEEIGNET?<\/h2>\n<p>Du:<\/p>\n<ul>\n<li>m\u00f6chtest intensiv an Deiner Medialit\u00e4t arbeiten<\/li>\n<li>sp\u00fcrst ein Feuer in Dir, Deine Medialit\u00e4t endlich (weiter-) zu entwickeln<\/li>\n<li>willst Deine Beweisf\u00fchrung vertiefen und erweitern<\/li>\n<li>stockst in Deiner pers\u00f6nlichen und Entwicklung und m\u00f6chtest weiterkommen<\/li>\n<li>hast bereits mediale und sensitive F\u00e4higkeiten, die Du jetzt trainieren willst<\/li>\n<li>hast manchmal Selbstzweifel und Unsicherheiten, die Du aufl\u00f6sen m\u00f6chtest<\/li>\n<li>m\u00f6chtest Dich aus einer Quelle ganzheitlich ausbilden lassen<\/li>\n<li>kannst nicht dauernd nach England reisen und suchst eine gleichwertige Ausbildungsm\u00f6glichkeit in der Schweiz<\/li>\n<li>m\u00f6chtest nicht eine Nummer von vielen sein, sondern individuell betreut werden<\/li>\n<li>suchst eine Mentorin und Lehrerin, die ehrlich, aber auch bodenst\u00e4ndig ist und Dich wirklich f\u00f6rdern will<\/li>\n<\/ul>\n<h2 class=\"h3\">DAS LERNST DU IN DIESER JAHRESAUSBILDUNG<\/h2>\n<p>Du lernst:<\/p>\n<ul>\n<li>Deine Hellsinne kennen und gleichzeitig einzusetzen<\/li>\n<li>wie Du selbst an Dir arbeiten kannst, um Dein volles Potenzial auszusch\u00f6pfen<\/li>\n<li>die Meditation in Deinen Alltag und in die Medialit\u00e4t zu integrieren<\/li>\n<li>sensitiv in medialen Beratungen und Coachings zu arbeiten<\/li>\n<li>Jenseitskontakte herzustellen und \u00fcber l\u00e4ngere Zeit in dieser Kraft zu bleiben<\/li>\n<li>die Aura zu lesen und die Bedeutung der Farben (bei Lebenden und Verstorbenen)<\/li>\n<li>mit Kunden umgehen und private Sitzungen zu halten<\/li>\n<li>wie Du \u00f6ffentliche Jenseitskontakte vor Publikum pr\u00e4sentierst<\/li>\n<li>inspirierende Reden vor Publikum zu halten<\/li>\n<li>wie Du Dein Selbstbewusstsein und Selbstvertrauen st\u00e4rkst, Du l\u00f6st Selbstzweifel auf<\/li>\n<li>Dich der geistigen Welt hingeben und ihr zu vertrauen<\/li>\n<li>wie Du eine Lebensgeschichte mit Vertiefung der Beweise erz\u00e4hlen kannst<\/li>\n<li>fundiertes Wissen \u00fcber die Medialit\u00e4t und den Spiritualismus, inklusive Ethik und Regeln<\/li>\n<li>Deine St\u00e4rken und Schw\u00e4chen als Medium zu kennen<\/li>\n<li>Du weisst wie Du Dich weiterentwickeln willst und welche praktischen Erfahrungen Du sammeln willst<\/li>\n<\/ul>\n<h2 class=\"h3\">AUSBILDUNGSUMFANG<\/h2>\n<ul>\n<li>7 Wochenendkurse (zwei Tage, ohne Verpflegung und \u00dcbernachtung)<\/li>\n<li>1 Intensiv-Woche (5 Tage, ohne Verpflegung und \u00dcbernachtung)<\/li>\n<li>10 \u00dcbungszirkel<\/li>\n<\/ul>\n<p>Du bist Teil einer privaten WhatsApp-Gruppe, wo Du Dich mit Daniela und anderen Studenten austauschen kannst. Du erh\u00e4ltst somit weitere \u00dcbungsgelegenheiten und wirst von Daniela auf Deinem Weg begleitet. Diese WhatsApp-Gruppe bleibt auch nach der Ausbildung bestehen.<\/p>\n<h2 class=\"h3\">AUSBILDUNGSKOSTEN UND -DAUER<\/h2>\n<p>Die Kosten belaufen sich auf total CHF 4&#8217;900.-<\/p>\n<p>Dauer: ca. 1 Jahr, Start voraussichtlich 2026<\/p>\n<h4>Zahlungskonditionen<\/h4>\n<p>Jahreszahlung CHF 4&#8217;900.- im Voraus (Rabatt von CHF 200.-). Auf Anfrage sind Ratenzahlungen m\u00f6glich.<\/p>\n<p>Der Ausstieg ist auf Wunsch jederzeit m\u00f6glich, bereits geleistete Zahlungen werden jedoch nicht r\u00fcckverg\u00fctet. Verpasste Kurse k\u00f6nnen im n\u00e4chsten Ausbildungslauf nachgeholt werden. Das Diplom wird ausgeh\u00e4ndigt, wenn alle Ausbildungseinheiten inklusive mind. 8 Zirkel und Abschlusspr\u00fcfung absolviert wurden.<\/p>\n<h2 class=\"h3\">AUSBILDUNGSORT AARAU<\/h2>\n<p class=\"h3\">Die ganze Ausbildung findet in Aarau statt.<\/p>\n<h2 class=\"h3\">AUSBILDUNGSDATEN<\/h2>\n<p><strong>Sobald mindestens 12 Teilnehmer sich angemeldet haben, werden die Daten freigegeben. Es werden nicht mehr als 20 Teilnehmer akzeptiert.<\/strong><\/p>\n<p>Die Ausbildungsinhalte sind in <strong>8 Modulen<\/strong> strukturiert. Ich passe die Inhalte flexibel an die Bed\u00fcrfnisse und das K\u00f6nnen der jeweiligen Gruppe an.<\/p>\n<p>Die <strong>Module<\/strong> finden Samstag und Sonntag von 09:30 &#8211; 17:30 Uhr statt.<\/p>\n<p>Die <strong>10 Zirkel <\/strong>finden<strong> online auf Zoom <\/strong>statt. Es ist wichtig, dass wir das Gelernte w\u00e4hrend den Wochenenden in den Zirkeln \u00fcben. Die Zirkel sind jeweils mit einigen \u00dcbungen sowie Fragen und Antworten gespickt.<\/p>\n<p>Die Pr\u00fcfungen sowie die Einzelsitzung mit Daniela finden online statt. Danach feiern wir gemeinsam die Diplomvergabe.<\/p>\n<h2 class=\"h3\">VORAUSSETZUNG<\/h2>\n<ul>\n<li>respektierst die anderen TeilnehmerInnen und mich<\/li>\n<li>kommst mit Freude und Motivation an die Ausbildung<\/li>\n<li>bist bereit, auch ausserhalb der Kurse an Dir und Deiner Medialit\u00e4t zu arbeiten<\/li>\n<li>bist bereit, intensiv zu trainieren<\/li>\n<li>nimmst Herausforderungen an<\/li>\n<li>leidest an keinen schweren psychischen Erkrankungen<\/li>\n<li>bist nicht drogen- oder alkohols\u00fcchtig<\/li>\n<li>bist mindestens 18 Jahre alt<\/li>\n<\/ul>\n<h2 class=\"h3\">NACH DER JAHRESAUSBILDUNG ZUM MEDIUM<\/h2>\n<p><strong>Nach dieser Jahresausbildung bist Du nicht automatisch ein &#8220;professionelles Medium&#8221;. Sie gibt Dir jedoch eine fundierte Basis f\u00fcr Deine weitere Entwicklung.<\/strong><br \/>\nIn dieser Ausbildung lehre ich Dir die wichtigsten Werkzeuge. Mit dem erlernten Wissensstand und dem erworbenen Erfahrungsschatz erkennst Du, wo Deine Talente liegen und was f\u00fcr ein Potenzial Du hast.<br \/>\nEgal wo und wie Du danach Deine F\u00e4higkeiten und Deine Gaben einsetzen wirst, bist Du gefestigt in Deinem K\u00f6nnen, Deinem Selbstbewusstsein und Deinem Wissen.<\/p>\n<blockquote><p>Als Medium hat man nie ausgelernt.<\/p><\/blockquote>\n<p>Ich werde weiterf\u00fchrende Kurse, progressive Gruppen und spezialisierende Seminare anbieten, damit Du Dich danach weiterentwickeln kannst. Das Leben und die Medialit\u00e4t bedeutet Bewegung. Wir Medien d\u00fcrfen immer sch\u00f6n \u201cge\u00f6lt\u201d bleiben.<\/p>\n<blockquote><p>Der Moment in dem wir denken, dass wir alles k\u00f6nnen und wissen, ist genau der Moment in dem wir am meisten lernen d\u00fcrfen.<\/p><\/blockquote>\n<h2 class=\"h3\">DANIELA HADORN ALS MEDIUM AUSBILDNERIN<\/h2>\n<p>Das sagt Mavis Pittilla die Grande Dame der Medialit\u00e4t mit \u00fcber 50 Jahren Erfahrung \u00fcber Daniela:<\/p>\n<blockquote><p>Daniela ist eine unserer zuk\u00fcnftigen Pioniere in der Medialit\u00e4t. Ihre F\u00e4higkeiten sind herrvorragend! Sie vereint alles, sowohl Private Sitzungen, als auch die \u00d6ffentlichkeitsarbeit und die Ausbildung zuk\u00fcnftiger Medien. Ich w\u00fcrde mich als Sch\u00fcler oder Kunde sehr wohl bei ihr f\u00fchlen und das sage ich nicht leichtfertig oder sehr oft. Daniela ist ein spirituelles Medium auf das man in Zukunft Ausschau haltet.<\/p><\/blockquote>\n<p><img decoding=\"async\" class=\"aligncenter size-large wp-image-46153\" src=\"https:\/\/danielahadorn.com\/wp-content\/uploads\/2020\/01\/daniela-hadorn-medium-1024x394.jpg\" alt=\"daniela-hadorn-medium\" width=\"1024\" height=\"394\" srcset=\"https:\/\/danielahadorn.com\/wp-content\/uploads\/2020\/01\/daniela-hadorn-medium-1024x394.jpg 1024w, https:\/\/danielahadorn.com\/wp-content\/uploads\/2020\/01\/daniela-hadorn-medium-300x115.jpg 300w, https:\/\/danielahadorn.com\/wp-content\/uploads\/2020\/01\/daniela-hadorn-medium-768x295.jpg 768w, https:\/\/danielahadorn.com\/wp-content\/uploads\/2020\/01\/daniela-hadorn-medium-600x231.jpg 600w, https:\/\/danielahadorn.com\/wp-content\/uploads\/2020\/01\/daniela-hadorn-medium.jpg 1040w\" sizes=\"(max-width: 1024px) 100vw, 1024px\" \/><\/p>\n<p>Ich halte mich an die englische Schule, welche die beweisf\u00fchrende Medialit\u00e4t f\u00f6rdert. Pers\u00f6nlich habe ich mich in England intensive Jahre bewusst bei Sch\u00fclern von Gordon Higginson ausbilden lassen. Dazu geh\u00f6ren Mavis Pittilla und Paul Jacobs. Ein weiterer Lehrer war Andy Byng, dessen Beweisf\u00fchrung zu der Besten der Welt geh\u00f6rt. Vor meiner medialen Ausbildung habe ich mich jahrelang pers\u00f6nlich weiterentwickelt. Mein Mentor und Advaita Vedanta Lehrer war Pat Hattingh in Dritter Generation von Ramana Maharshi. Die indische Philosophie, wo es wirklich um die Selbstfindung und -Erkennung geht, integriere ich in die mediale Ausbildung. Auf der Seite <a href=\"\/de\/ueber\/\">\u00fcber mich<\/a> kannst Du mehr erfahren. Heute bin ich ein zertifiziertes, diplomiertes und professionelles Medium, welches alle oben erw\u00e4hnte Aspekte der mentalen Medialit\u00e4t anbietet. Meinen Erfahrungsschatz geben ich immer gerne meinen Sch\u00fclern weiter.<\/p>\n<h2 class=\"h3\">HABE ICH DEIN INTERESSE GEWECKT?<\/h2>\n<p>Du kannst mich jederzeit f\u00fcr Fragen zu der Jahresausbildung zum kompletten Medium <a href=\"\/de\/kontakt\/\">kontaktieren<\/a>. Vielleicht kennst Du mich noch nicht und m\u00f6chtest ein Kennenlerngespr\u00e4ch? Dann <a href=\"\/de\/kontakt\/\">melde Dich<\/a> einfach bei mir.<\/p>\n<p><strong>Bitte melde Dich bei Interesse und f\u00fcr die Reservation Deines Platzes hier an, ich freue mich sehr auf Dich!:<\/strong><\/p>\n<div role=\"form\" class=\"wpcf7\" id=\"wpcf7-f46161-o1\" lang=\"en-US\" dir=\"ltr\">\n<div class=\"screen-reader-response\"><p role=\"status\" aria-live=\"polite\" aria-atomic=\"true\"><\/p> <ul><\/ul><\/div>\n<form action=\"\/de\/wp-json\/wp\/v2\/pages\/46125#wpcf7-f46161-o1\" method=\"post\" class=\"wpcf7-form init form wpcf7-acceptance-as-validation\" novalidate=\"novalidate\" data-status=\"init\">\n<div style=\"display: none;\">\n<input type=\"hidden\" name=\"_wpcf7\" value=\"46161\" \/>\n<input type=\"hidden\" name=\"_wpcf7_version\" value=\"5.5.4\" \/>\n<input type=\"hidden\" name=\"_wpcf7_locale\" value=\"en_US\" \/>\n<input type=\"hidden\" name=\"_wpcf7_unit_tag\" value=\"wpcf7-f46161-o1\" \/>\n<input type=\"hidden\" name=\"_wpcf7_container_post\" value=\"0\" \/>\n<input type=\"hidden\" name=\"_wpcf7_posted_data_hash\" value=\"\" \/>\n<\/div>\n<p>\n\t<label> Dein Vor- und Nachname<br \/>\n    <span class=\"wpcf7-form-control-wrap your-name\"><input type=\"text\" name=\"your-name\" value=\"\" size=\"40\" class=\"wpcf7-form-control wpcf7-text wpcf7-validates-as-required\" aria-required=\"true\" aria-invalid=\"false\" \/><\/span> <\/label>\n<\/p>\n<p>\n\t<label> Deine Adresse<br \/>\n    <span class=\"wpcf7-form-control-wrap text-276\"><input type=\"text\" name=\"text-276\" value=\"\" size=\"40\" class=\"wpcf7-form-control wpcf7-text wpcf7-validates-as-required\" aria-required=\"true\" aria-invalid=\"false\" \/><\/span> <\/label>\n<\/p>\n<p>\n\t<label> Deine Telefonnummer<br \/>\n   <span class=\"wpcf7-form-control-wrap tel-682\"><input type=\"tel\" name=\"tel-682\" value=\"\" size=\"40\" class=\"wpcf7-form-control wpcf7-text wpcf7-tel wpcf7-validates-as-required wpcf7-validates-as-tel\" aria-required=\"true\" aria-invalid=\"false\" \/><\/span> <\/label>\n<\/p>\n<p>\n\t<label> Deine E-Mail Adresse<br \/>\n    <span class=\"wpcf7-form-control-wrap your-email\"><input type=\"email\" name=\"your-email\" value=\"\" size=\"40\" class=\"wpcf7-form-control wpcf7-text wpcf7-email wpcf7-validates-as-required wpcf7-validates-as-email\" aria-required=\"true\" aria-invalid=\"false\" \/><\/span> <\/label>\n<\/p>\n<p>\n\t<label> Was sind Deine Erfahrungen in der Medialit\u00e4t?<br \/>\n   <span class=\"wpcf7-form-control-wrap textarea-18\"><textarea name=\"textarea-18\" cols=\"40\" rows=\"10\" class=\"wpcf7-form-control wpcf7-textarea wpcf7-validates-as-required\" aria-required=\"true\" aria-invalid=\"false\"><\/textarea><\/span> <\/label>\n<\/p>\n<p>\n\t<label> Was ist Dir an einer Ausbildung wichtig?<br \/>\n    <span class=\"wpcf7-form-control-wrap textarea-18\"><textarea name=\"textarea-18\" cols=\"40\" rows=\"10\" class=\"wpcf7-form-control wpcf7-textarea wpcf7-validates-as-required\" aria-required=\"true\" aria-invalid=\"false\"><\/textarea><\/span> <\/label>\n<\/p>\n<p>\n\t<label> Was ist Dein Ziel?<br \/>\n    <span class=\"wpcf7-form-control-wrap textarea-18\"><textarea name=\"textarea-18\" cols=\"40\" rows=\"10\" class=\"wpcf7-form-control wpcf7-textarea wpcf7-validates-as-required\" aria-required=\"true\" aria-invalid=\"false\"><\/textarea><\/span> <\/label>\n<\/p>\n<p><strong>BEMERKUNG:<\/strong> In einem separaten E-Mail erh\u00e4ltst Du einen Ausbildungsvertrag, den Du unterschreiben und auf info@danielahadorn.com zur\u00fccksenden kannst. <strong>Mit der Unterschrift und der 1. Ratenzahlung oder der vollen Bezahlung der Ausbildung ist Deine Anmeldung definitiv<\/strong>.<\/p>\n<p><span class=\"wpcf7-form-control-wrap acceptance-78\"><span class=\"wpcf7-form-control wpcf7-acceptance\"><span class=\"wpcf7-list-item\"><label><input type=\"checkbox\" name=\"acceptance-78\" value=\"1\" aria-invalid=\"false\" \/><span class=\"wpcf7-list-item-label\">Bitte lies und akzeptiere die <a title=\"AGB\" href=\"https:\/\/danielahadorn.com\/de\/daniela-hadorn-agb\/\"  target=\"_blank\">AGB<\/a> und die <a title=\"Datenschutzbestimmungen\" href=\"https:\/\/danielahadorn.com\/de\/daniela-hadorn-datenschutzbestimmungen\/\"  target=\"_blank\">Datenschutzbestimmungen<\/a>.<\/span><\/label><\/span><\/span><\/span><br \/>\n\t<input type=\"submit\" value=\"Anmeldung senden\" class=\"btn btn-primary\" \/><\/p>\n<div class=\"wpcf7-response-output\" aria-hidden=\"true\"><\/div><\/form><\/div>\n","protected":false},"excerpt":{"rendered":"<p>Die Jahresausbildung zum kompletten Medium richtet sich an Menschen, die sich intensiv und seri\u00f6s medial aus- und weiterbilden m\u00f6chten. Diese mediale Ausbildung ist anspruchsvoll und erfordert Disziplin, Talent und Eigenstudium. Es gibt regelm\u00e4ssige Hausaufgaben, und ich gebe Dir laufend Feedback zu Deiner Arbeit. Medium zu sein ist eine Berufung, die Hingabe ben\u00f6tigt. Als Medium stehst [&hellip;]<\/p>\n","protected":false},"author":2,"featured_media":0,"parent":0,"menu_order":0,"comment_status":"closed","ping_status":"closed","template":"","meta":{"pmpro_default_level":0,"footnotes":""},"class_list":["post-46125","page","type-page","status-publish","hentry","pmpro-has-access"],"acf":[],"yoast_head":"<!-- This site is optimized with the Yoast SEO plugin v18.1 - https:\/\/yoast.com\/wordpress\/plugins\/seo\/ -->\n<title>Jahresausbildung zum kompletten Medium - Daniela Hadorn<\/title>\n<meta name=\"description\" content=\"Die Jahresausbildung zum kompletten Medium richtet sich an Menschen, die sich intensiv medial aus- und weiterbilden m\u00f6chten. Bist Du dabei?\" \/>\n<meta name=\"robots\" content=\"index, follow, max-snippet:-1, max-image-preview:large, max-video-preview:-1\" \/>\n<link rel=\"canonical\" href=\"https:\/\/danielahadorn.com\/de\/jahresausbildung\/\" \/>\n<meta name=\"twitter:card\" content=\"summary_large_image\" \/>\n<meta name=\"twitter:title\" content=\"Jahresausbildung zum kompletten Medium - Daniela Hadorn\" \/>\n<meta name=\"twitter:description\" content=\"Die Jahresausbildung zum kompletten Medium richtet sich an Menschen, die sich intensiv medial aus- und weiterbilden m\u00f6chten. Bist Du dabei?\" \/>\n<meta name=\"twitter:image\" content=\"https:\/\/danielahadorn.com\/wp-content\/uploads\/2020\/01\/komplette-medium.jpg\" \/>\n<meta name=\"twitter:label1\" content=\"Gesch\u00e4tzte Lesezeit\" \/>\n\t<meta name=\"twitter:data1\" content=\"8\u00a0Minuten\" \/>\n<script type=\"application\/ld+json\" class=\"yoast-schema-graph\">{\"@context\":\"https:\/\/schema.org\",\"@graph\":[{\"@type\":[\"Person\",\"Organization\"],\"@id\":\"https:\/\/danielahadorn.com\/de\/#\/schema\/person\/24550df4140d753d0b2f54f438a7da7f\",\"name\":\"Daniela Hadorn\",\"image\":{\"@type\":\"ImageObject\",\"@id\":\"https:\/\/danielahadorn.com\/de\/#personlogo\",\"inLanguage\":\"de\",\"url\":\"https:\/\/danielahadorn.com\/wp-content\/uploads\/2017\/09\/me.jpg\",\"contentUrl\":\"https:\/\/danielahadorn.com\/wp-content\/uploads\/2017\/09\/me.jpg\",\"width\":315,\"height\":316,\"caption\":\"Daniela Hadorn\"},\"logo\":{\"@id\":\"https:\/\/danielahadorn.com\/de\/#personlogo\"},\"description\":\"Daniela is a spiritual teacher and medium. Daniela is not living up in the sky but with both feet on the ground. She is a no nonsense kind of person. Her biggest wish is for you to see her teachings and her mediumship as a catalyst for your own spiritual self development.\",\"sameAs\":[\"https:\/\/danielahadorn.com\/\",\"https:\/\/www.facebook.com\/mediumdanielahadorn\/\"]},{\"@type\":\"WebSite\",\"@id\":\"https:\/\/danielahadorn.com\/de\/#website\",\"url\":\"https:\/\/danielahadorn.com\/de\/\",\"name\":\"Daniela Hadorn\",\"description\":\"Spirituelles Medium, sensitives Medium, Meditation, Advaita Vedanta\",\"publisher\":{\"@id\":\"https:\/\/danielahadorn.com\/de\/#\/schema\/person\/24550df4140d753d0b2f54f438a7da7f\"},\"potentialAction\":[{\"@type\":\"SearchAction\",\"target\":{\"@type\":\"EntryPoint\",\"urlTemplate\":\"https:\/\/danielahadorn.com\/de\/?s={search_term_string}\"},\"query-input\":\"required name=search_term_string\"}],\"inLanguage\":\"de\"},{\"@type\":\"ImageObject\",\"@id\":\"https:\/\/danielahadorn.com\/de\/jahresausbildung\/#primaryimage\",\"inLanguage\":\"de\",\"url\":\"https:\/\/danielahadorn.com\/wp-content\/uploads\/2020\/01\/komplette-medium.jpg\",\"contentUrl\":\"https:\/\/danielahadorn.com\/wp-content\/uploads\/2020\/01\/komplette-medium.jpg\",\"width\":1500,\"height\":521,\"caption\":\"medium\"},{\"@type\":\"WebPage\",\"@id\":\"https:\/\/danielahadorn.com\/de\/jahresausbildung\/#webpage\",\"url\":\"https:\/\/danielahadorn.com\/de\/jahresausbildung\/\",\"name\":\"Jahresausbildung zum kompletten Medium - Daniela Hadorn\",\"isPartOf\":{\"@id\":\"https:\/\/danielahadorn.com\/de\/#website\"},\"primaryImageOfPage\":{\"@id\":\"https:\/\/danielahadorn.com\/de\/jahresausbildung\/#primaryimage\"},\"datePublished\":\"2020-01-12T15:11:49+00:00\",\"dateModified\":\"2025-02-07T13:57:39+00:00\",\"description\":\"Die Jahresausbildung zum kompletten Medium richtet sich an Menschen, die sich intensiv medial aus- und weiterbilden m\u00f6chten. Bist Du dabei?\",\"breadcrumb\":{\"@id\":\"https:\/\/danielahadorn.com\/de\/jahresausbildung\/#breadcrumb\"},\"inLanguage\":\"de\",\"potentialAction\":[{\"@type\":\"ReadAction\",\"target\":[\"https:\/\/danielahadorn.com\/de\/jahresausbildung\/\"]}]},{\"@type\":\"BreadcrumbList\",\"@id\":\"https:\/\/danielahadorn.com\/de\/jahresausbildung\/#breadcrumb\",\"itemListElement\":[{\"@type\":\"ListItem\",\"position\":1,\"name\":\"Home\",\"item\":\"https:\/\/danielahadorn.com\/de\/\"},{\"@type\":\"ListItem\",\"position\":2,\"name\":\"Jahresausbildung zum kompletten Medium\"}]}]}<\/script>\n<!-- \/ Yoast SEO plugin. -->","yoast_head_json":{"title":"Jahresausbildung zum kompletten Medium - Daniela Hadorn","description":"Die Jahresausbildung zum kompletten Medium richtet sich an Menschen, die sich intensiv medial aus- und weiterbilden m\u00f6chten. Bist Du dabei?","robots":{"index":"index","follow":"follow","max-snippet":"max-snippet:-1","max-image-preview":"max-image-preview:large","max-video-preview":"max-video-preview:-1"},"canonical":"https:\/\/danielahadorn.com\/de\/jahresausbildung\/","twitter_card":"summary_large_image","twitter_title":"Jahresausbildung zum kompletten Medium - Daniela Hadorn","twitter_description":"Die Jahresausbildung zum kompletten Medium richtet sich an Menschen, die sich intensiv medial aus- und weiterbilden m\u00f6chten. Bist Du dabei?","twitter_image":"https:\/\/danielahadorn.com\/wp-content\/uploads\/2020\/01\/komplette-medium.jpg","twitter_misc":{"Gesch\u00e4tzte Lesezeit":"8\u00a0Minuten"},"schema":{"@context":"https:\/\/schema.org","@graph":[{"@type":["Person","Organization"],"@id":"https:\/\/danielahadorn.com\/de\/#\/schema\/person\/24550df4140d753d0b2f54f438a7da7f","name":"Daniela Hadorn","image":{"@type":"ImageObject","@id":"https:\/\/danielahadorn.com\/de\/#personlogo","inLanguage":"de","url":"https:\/\/danielahadorn.com\/wp-content\/uploads\/2017\/09\/me.jpg","contentUrl":"https:\/\/danielahadorn.com\/wp-content\/uploads\/2017\/09\/me.jpg","width":315,"height":316,"caption":"Daniela Hadorn"},"logo":{"@id":"https:\/\/danielahadorn.com\/de\/#personlogo"},"description":"Daniela is a spiritual teacher and medium. Daniela is not living up in the sky but with both feet on the ground. She is a no nonsense kind of person. Her biggest wish is for you to see her teachings and her mediumship as a catalyst for your own spiritual self development.","sameAs":["https:\/\/danielahadorn.com\/","https:\/\/www.facebook.com\/mediumdanielahadorn\/"]},{"@type":"WebSite","@id":"https:\/\/danielahadorn.com\/de\/#website","url":"https:\/\/danielahadorn.com\/de\/","name":"Daniela Hadorn","description":"Spirituelles Medium, sensitives Medium, Meditation, Advaita Vedanta","publisher":{"@id":"https:\/\/danielahadorn.com\/de\/#\/schema\/person\/24550df4140d753d0b2f54f438a7da7f"},"potentialAction":[{"@type":"SearchAction","target":{"@type":"EntryPoint","urlTemplate":"https:\/\/danielahadorn.com\/de\/?s={search_term_string}"},"query-input":"required name=search_term_string"}],"inLanguage":"de"},{"@type":"ImageObject","@id":"https:\/\/danielahadorn.com\/de\/jahresausbildung\/#primaryimage","inLanguage":"de","url":"https:\/\/danielahadorn.com\/wp-content\/uploads\/2020\/01\/komplette-medium.jpg","contentUrl":"https:\/\/danielahadorn.com\/wp-content\/uploads\/2020\/01\/komplette-medium.jpg","width":1500,"height":521,"caption":"medium"},{"@type":"WebPage","@id":"https:\/\/danielahadorn.com\/de\/jahresausbildung\/#webpage","url":"https:\/\/danielahadorn.com\/de\/jahresausbildung\/","name":"Jahresausbildung zum kompletten Medium - Daniela Hadorn","isPartOf":{"@id":"https:\/\/danielahadorn.com\/de\/#website"},"primaryImageOfPage":{"@id":"https:\/\/danielahadorn.com\/de\/jahresausbildung\/#primaryimage"},"datePublished":"2020-01-12T15:11:49+00:00","dateModified":"2025-02-07T13:57:39+00:00","description":"Die Jahresausbildung zum kompletten Medium richtet sich an Menschen, die sich intensiv medial aus- und weiterbilden m\u00f6chten. Bist Du dabei?","breadcrumb":{"@id":"https:\/\/danielahadorn.com\/de\/jahresausbildung\/#breadcrumb"},"inLanguage":"de","potentialAction":[{"@type":"ReadAction","target":["https:\/\/danielahadorn.com\/de\/jahresausbildung\/"]}]},{"@type":"BreadcrumbList","@id":"https:\/\/danielahadorn.com\/de\/jahresausbildung\/#breadcrumb","itemListElement":[{"@type":"ListItem","position":1,"name":"Home","item":"https:\/\/danielahadorn.com\/de\/"},{"@type":"ListItem","position":2,"name":"Jahresausbildung zum kompletten Medium"}]}]}},"_links":{"self":[{"href":"https:\/\/danielahadorn.com\/de\/wp-json\/wp\/v2\/pages\/46125","targetHints":{"allow":["GET"]}}],"collection":[{"href":"https:\/\/danielahadorn.com\/de\/wp-json\/wp\/v2\/pages"}],"about":[{"href":"https:\/\/danielahadorn.com\/de\/wp-json\/wp\/v2\/types\/page"}],"author":[{"embeddable":true,"href":"https:\/\/danielahadorn.com\/de\/wp-json\/wp\/v2\/users\/2"}],"replies":[{"embeddable":true,"href":"https:\/\/danielahadorn.com\/de\/wp-json\/wp\/v2\/comments?post=46125"}],"version-history":[{"count":75,"href":"https:\/\/danielahadorn.com\/de\/wp-json\/wp\/v2\/pages\/46125\/revisions"}],"predecessor-version":[{"id":66826,"href":"https:\/\/danielahadorn.com\/de\/wp-json\/wp\/v2\/pages\/46125\/revisions\/66826"}],"wp:attachment":[{"href":"https:\/\/danielahadorn.com\/de\/wp-json\/wp\/v2\/media?parent=46125"}],"curies":[{"name":"wp","href":"https:\/\/api.w.org\/{rel}","templated":true}]}}