{"id":2287,"date":"2019-01-09T11:36:42","date_gmt":"2019-01-09T08:36:42","guid":{"rendered":"https:\/\/danielahadorn.com\/?page_id=2287"},"modified":"2025-03-17T16:19:19","modified_gmt":"2025-03-17T15:19:19","slug":"impressum","status":"publish","type":"page","link":"https:\/\/danielahadorn.com\/de\/impressum\/","title":{"rendered":"Impressum"},"content":{"rendered":"<h1>Medium Schweiz und Deutschland<\/h1><p>Daniela Hadorn<br \/>\nAarepark 5b<br \/>\nCH-5000 Aarau<br \/>\nSchweiz \/ Switzerland<\/p>\n<p>E-Mail: <a href=\"mailto:info@danielahadorn.com\">info@danielahadorn.com<\/a><\/p>\n<p>Website<\/p>\n<p>Deutsch: <a href=\"https:\/\/danielahadorn.com\/de\/\">danielahadorn.com\/de\/<\/a><br \/>\nEnglisch: <a href=\"https:\/\/danielahadorn.com\/de\/\">danielahadorn.com<\/a><\/p>\n<p>Gesch\u00e4ftsf\u00fchrung: Daniela Hadorn<\/p>\n<p>Allgemeine Gesch\u00e4ftsbedingungen: <a href=\"https:\/\/danielahadorn.com\/de\/daniela-hadorn-agb\/\">AGB<\/a><br \/>\nDatenschutzbestimmungen: <a href=\"https:\/\/danielahadorn.com\/de\/daniela-hadorn-datenschutzbestimmungen\/\">Datenschutz<\/a><\/p>\n","protected":false},"excerpt":{"rendered":"<p>Medium Schweiz und DeutschlandDaniela Hadorn Aarepark 5b CH-5000 Aarau Schweiz \/ Switzerland E-Mail: info@danielahadorn.com Website Deutsch: danielahadorn.com\/de\/ Englisch: danielahadorn.com Gesch\u00e4ftsf\u00fchrung: Daniela Hadorn Allgemeine Gesch\u00e4ftsbedingungen: AGB Datenschutzbestimmungen: Datenschutz<\/p>\n","protected":false},"author":2,"featured_media":0,"parent":0,"menu_order":16,"comment_status":"closed","ping_status":"closed","template":"","meta":{"pmpro_default_level":0,"footnotes":""},"class_list":["post-2287","page","type-page","status-publish","hentry","pmpro-has-access"],"acf":[],"yoast_head":"<!-- This site is optimized with the Yoast SEO plugin v18.1 - https:\/\/yoast.com\/wordpress\/plugins\/seo\/ -->\n<title>Impressum<\/title>\n<meta name=\"description\" content=\"Medium Schweiz und Deutschland &nbsp; Daniela Hadorn Aarepark 5b CH-5000 Aarau Schweiz \/ Switzerland E-Mail: info@danielahadorn.com Website Deutsch:\" \/>\n<meta name=\"robots\" content=\"index, follow, max-snippet:-1, max-image-preview:large, max-video-preview:-1\" \/>\n<link rel=\"canonical\" href=\"https:\/\/danielahadorn.com\/de\/impressum\/\" \/>\n<meta name=\"twitter:card\" content=\"summary_large_image\" \/>\n<meta name=\"twitter:title\" content=\"Impressum\" \/>\n<meta name=\"twitter:description\" content=\"Medium Schweiz und Deutschland &nbsp; Daniela Hadorn Aarepark 5b CH-5000 Aarau Schweiz \/ Switzerland E-Mail: info@danielahadorn.com Website Deutsch:\" \/>\n<script type=\"application\/ld+json\" class=\"yoast-schema-graph\">{\"@context\":\"https:\/\/schema.org\",\"@graph\":[{\"@type\":[\"Person\",\"Organization\"],\"@id\":\"https:\/\/danielahadorn.com\/de\/#\/schema\/person\/24550df4140d753d0b2f54f438a7da7f\",\"name\":\"Daniela Hadorn\",\"image\":{\"@type\":\"ImageObject\",\"@id\":\"https:\/\/danielahadorn.com\/de\/#personlogo\",\"inLanguage\":\"de\",\"url\":\"https:\/\/danielahadorn.com\/wp-content\/uploads\/2017\/09\/me.jpg\",\"contentUrl\":\"https:\/\/danielahadorn.com\/wp-content\/uploads\/2017\/09\/me.jpg\",\"width\":315,\"height\":316,\"caption\":\"Daniela Hadorn\"},\"logo\":{\"@id\":\"https:\/\/danielahadorn.com\/de\/#personlogo\"},\"description\":\"Daniela is a spiritual teacher and medium. Daniela is not living up in the sky but with both feet on the ground. She is a no nonsense kind of person. Her biggest wish is for you to see her teachings and her mediumship as a catalyst for your own spiritual self development.\",\"sameAs\":[\"https:\/\/danielahadorn.com\/\",\"https:\/\/www.facebook.com\/mediumdanielahadorn\/\"]},{\"@type\":\"WebSite\",\"@id\":\"https:\/\/danielahadorn.com\/de\/#website\",\"url\":\"https:\/\/danielahadorn.com\/de\/\",\"name\":\"Daniela Hadorn\",\"description\":\"Spirituelles Medium, sensitives Medium, Meditation, Advaita Vedanta\",\"publisher\":{\"@id\":\"https:\/\/danielahadorn.com\/de\/#\/schema\/person\/24550df4140d753d0b2f54f438a7da7f\"},\"potentialAction\":[{\"@type\":\"SearchAction\",\"target\":{\"@type\":\"EntryPoint\",\"urlTemplate\":\"https:\/\/danielahadorn.com\/de\/?s={search_term_string}\"},\"query-input\":\"required name=search_term_string\"}],\"inLanguage\":\"de\"},{\"@type\":\"WebPage\",\"@id\":\"https:\/\/danielahadorn.com\/de\/impressum\/#webpage\",\"url\":\"https:\/\/danielahadorn.com\/de\/impressum\/\",\"name\":\"Impressum\",\"isPartOf\":{\"@id\":\"https:\/\/danielahadorn.com\/de\/#website\"},\"datePublished\":\"2019-01-09T08:36:42+00:00\",\"dateModified\":\"2025-03-17T15:19:19+00:00\",\"description\":\"Medium Schweiz und Deutschland &nbsp; Daniela Hadorn Aarepark 5b CH-5000 Aarau Schweiz \/ Switzerland E-Mail: info@danielahadorn.com Website Deutsch:\",\"breadcrumb\":{\"@id\":\"https:\/\/danielahadorn.com\/de\/impressum\/#breadcrumb\"},\"inLanguage\":\"de\",\"potentialAction\":[{\"@type\":\"ReadAction\",\"target\":[\"https:\/\/danielahadorn.com\/de\/impressum\/\"]}]},{\"@type\":\"BreadcrumbList\",\"@id\":\"https:\/\/danielahadorn.com\/de\/impressum\/#breadcrumb\",\"itemListElement\":[{\"@type\":\"ListItem\",\"position\":1,\"name\":\"Home\",\"item\":\"https:\/\/danielahadorn.com\/de\/\"},{\"@type\":\"ListItem\",\"position\":2,\"name\":\"Impressum\"}]}]}<\/script>\n<!-- \/ Yoast SEO plugin. -->","yoast_head_json":{"title":"Impressum","description":"Medium Schweiz und Deutschland &nbsp; Daniela Hadorn Aarepark 5b CH-5000 Aarau Schweiz \/ Switzerland E-Mail: info@danielahadorn.com Website Deutsch:","robots":{"index":"index","follow":"follow","max-snippet":"max-snippet:-1","max-image-preview":"max-image-preview:large","max-video-preview":"max-video-preview:-1"},"canonical":"https:\/\/danielahadorn.com\/de\/impressum\/","twitter_card":"summary_large_image","twitter_title":"Impressum","twitter_description":"Medium Schweiz und Deutschland &nbsp; Daniela Hadorn Aarepark 5b CH-5000 Aarau Schweiz \/ Switzerland E-Mail: info@danielahadorn.com Website Deutsch:","schema":{"@context":"https:\/\/schema.org","@graph":[{"@type":["Person","Organization"],"@id":"https:\/\/danielahadorn.com\/de\/#\/schema\/person\/24550df4140d753d0b2f54f438a7da7f","name":"Daniela Hadorn","image":{"@type":"ImageObject","@id":"https:\/\/danielahadorn.com\/de\/#personlogo","inLanguage":"de","url":"https:\/\/danielahadorn.com\/wp-content\/uploads\/2017\/09\/me.jpg","contentUrl":"https:\/\/danielahadorn.com\/wp-content\/uploads\/2017\/09\/me.jpg","width":315,"height":316,"caption":"Daniela Hadorn"},"logo":{"@id":"https:\/\/danielahadorn.com\/de\/#personlogo"},"description":"Daniela is a spiritual teacher and medium. Daniela is not living up in the sky but with both feet on the ground. She is a no nonsense kind of person. Her biggest wish is for you to see her teachings and her mediumship as a catalyst for your own spiritual self development.","sameAs":["https:\/\/danielahadorn.com\/","https:\/\/www.facebook.com\/mediumdanielahadorn\/"]},{"@type":"WebSite","@id":"https:\/\/danielahadorn.com\/de\/#website","url":"https:\/\/danielahadorn.com\/de\/","name":"Daniela Hadorn","description":"Spirituelles Medium, sensitives Medium, Meditation, Advaita Vedanta","publisher":{"@id":"https:\/\/danielahadorn.com\/de\/#\/schema\/person\/24550df4140d753d0b2f54f438a7da7f"},"potentialAction":[{"@type":"SearchAction","target":{"@type":"EntryPoint","urlTemplate":"https:\/\/danielahadorn.com\/de\/?s={search_term_string}"},"query-input":"required name=search_term_string"}],"inLanguage":"de"},{"@type":"WebPage","@id":"https:\/\/danielahadorn.com\/de\/impressum\/#webpage","url":"https:\/\/danielahadorn.com\/de\/impressum\/","name":"Impressum","isPartOf":{"@id":"https:\/\/danielahadorn.com\/de\/#website"},"datePublished":"2019-01-09T08:36:42+00:00","dateModified":"2025-03-17T15:19:19+00:00","description":"Medium Schweiz und Deutschland &nbsp; Daniela Hadorn Aarepark 5b CH-5000 Aarau Schweiz \/ Switzerland E-Mail: info@danielahadorn.com Website Deutsch:","breadcrumb":{"@id":"https:\/\/danielahadorn.com\/de\/impressum\/#breadcrumb"},"inLanguage":"de","potentialAction":[{"@type":"ReadAction","target":["https:\/\/danielahadorn.com\/de\/impressum\/"]}]},{"@type":"BreadcrumbList","@id":"https:\/\/danielahadorn.com\/de\/impressum\/#breadcrumb","itemListElement":[{"@type":"ListItem","position":1,"name":"Home","item":"https:\/\/danielahadorn.com\/de\/"},{"@type":"ListItem","position":2,"name":"Impressum"}]}]}},"_links":{"self":[{"href":"https:\/\/danielahadorn.com\/de\/wp-json\/wp\/v2\/pages\/2287","targetHints":{"allow":["GET"]}}],"collection":[{"href":"https:\/\/danielahadorn.com\/de\/wp-json\/wp\/v2\/pages"}],"about":[{"href":"https:\/\/danielahadorn.com\/de\/wp-json\/wp\/v2\/types\/page"}],"author":[{"embeddable":true,"href":"https:\/\/danielahadorn.com\/de\/wp-json\/wp\/v2\/users\/2"}],"replies":[{"embeddable":true,"href":"https:\/\/danielahadorn.com\/de\/wp-json\/wp\/v2\/comments?post=2287"}],"version-history":[{"count":15,"href":"https:\/\/danielahadorn.com\/de\/wp-json\/wp\/v2\/pages\/2287\/revisions"}],"predecessor-version":[{"id":66919,"href":"https:\/\/danielahadorn.com\/de\/wp-json\/wp\/v2\/pages\/2287\/revisions\/66919"}],"wp:attachment":[{"href":"https:\/\/danielahadorn.com\/de\/wp-json\/wp\/v2\/media?parent=2287"}],"curies":[{"name":"wp","href":"https:\/\/api.w.org\/{rel}","templated":true}]}}